{"id":473,"date":"2023-02-09T10:47:52","date_gmt":"2023-02-09T09:47:52","guid":{"rendered":"https:\/\/www.nicoleciccolo.it\/curriculum\/"},"modified":"2023-03-06T14:41:53","modified_gmt":"2023-03-06T13:41:53","slug":"curriculum","status":"publish","type":"page","link":"https:\/\/www.nicoleciccolo.it\/en\/curriculum\/","title":{"rendered":"Curriculum"},"content":{"rendered":"<p>[et_pb_section fb_built=&#8221;1&#8243; _builder_version=&#8221;4.19.5&#8243; _module_preset=&#8221;default&#8221; background_color=&#8221;#ac995d&#8221; custom_padding=&#8221;||96px|||&#8221; bottom_divider_height=&#8221;125px&#8221; box_shadow_style=&#8221;preset3&#8243; box_shadow_blur=&#8221;21px&#8221; box_shadow_spread=&#8221;-8px&#8221; global_colors_info=&#8221;{}&#8221;][et_pb_row _builder_version=&#8221;4.19.5&#8243; _module_preset=&#8221;default&#8221; global_colors_info=&#8221;{}&#8221;][et_pb_column type=&#8221;4_4&#8243; _builder_version=&#8221;4.19.5&#8243; _module_preset=&#8221;default&#8221; global_colors_info=&#8221;{}&#8221;][et_pb_text _builder_version=&#8221;4.19.5&#8243; _dynamic_attributes=&#8221;content&#8221; _module_preset=&#8221;default&#8221; text_font=&#8221;Cormorant Garamond|700|||||||&#8221; text_text_color=&#8221;#FFFFFF&#8221; text_font_size=&#8221;60px&#8221; text_orientation=&#8221;center&#8221; text_font_size_tablet=&#8221;48px&#8221; text_font_size_phone=&#8221;34px&#8221; text_font_size_last_edited=&#8221;on|phone&#8221; global_colors_info=&#8221;{}&#8221;]@ET-DC@eyJkeW5hbWljIjp0cnVlLCJjb250ZW50IjoicG9zdF90aXRsZSIsInNldHRpbmdzIjp7ImJlZm9yZSI6IiIsImFmdGVyIjoiIn19@[\/et_pb_text][\/et_pb_column][\/et_pb_row][\/et_pb_section][et_pb_section fb_built=&#8221;1&#8243; _builder_version=&#8221;4.19.5&#8243; _module_preset=&#8221;default&#8221; global_colors_info=&#8221;{}&#8221;][et_pb_row _builder_version=&#8221;4.19.5&#8243; _module_preset=&#8221;default&#8221; global_colors_info=&#8221;{}&#8221;][et_pb_column type=&#8221;4_4&#8243; _builder_version=&#8221;4.19.5&#8243; _module_preset=&#8221;default&#8221; global_colors_info=&#8221;{}&#8221;][\/et_pb_column][\/et_pb_row][et_pb_row column_structure=&#8221;1_2,1_2&#8243; _builder_version=&#8221;4.19.5&#8243; _module_preset=&#8221;default&#8221; global_colors_info=&#8221;{}&#8221;][et_pb_column type=&#8221;1_2&#8243; _builder_version=&#8221;4.19.5&#8243; _module_preset=&#8221;default&#8221; global_colors_info=&#8221;{}&#8221;][et_pb_image src=&#8221;https:\/\/www.nicoleciccolo.it\/wp-content\/uploads\/2023\/02\/curriculum.jpg&#8221; title_text=&#8221;curriculum&#8221; align=&#8221;center&#8221; force_fullwidth=&#8221;on&#8221; _builder_version=&#8221;4.19.5&#8243; _module_preset=&#8221;default&#8221; global_colors_info=&#8221;{}&#8221;][\/et_pb_image][et_pb_video src=&#8221;https:\/\/www.youtube.com\/watch?v=Tk8s6HR3rtE&#038;t=2s&#8221; _builder_version=&#8221;4.19.5&#8243; _module_preset=&#8221;default&#8221; global_colors_info=&#8221;{}&#8221;][\/et_pb_video][\/et_pb_column][et_pb_column type=&#8221;1_2&#8243; _builder_version=&#8221;4.19.5&#8243; _module_preset=&#8221;default&#8221; global_colors_info=&#8221;{}&#8221;][et_pb_text _builder_version=&#8221;4.20.0&#8243; _module_preset=&#8221;default&#8221; header_2_font=&#8221;Cormorant Garamond||||||||&#8221; header_2_font_size=&#8221;50px&#8221; header_2_font_size_tablet=&#8221;45px&#8221; header_2_font_size_phone=&#8221;32px&#8221; header_2_font_size_last_edited=&#8221;on|phone&#8221; locked=&#8221;off&#8221; global_colors_info=&#8221;{}&#8221;]<\/p>\n<h2><strong>Professional career:<\/strong><\/h2>\n<p>[\/et_pb_text][et_pb_text _builder_version=&#8221;4.20.0&#8243; _module_preset=&#8221;default&#8221; text_font=&#8221;Poppins|300|||||||&#8221; global_colors_info=&#8221;{}&#8221;]<\/p>\n<p><strong>Nicole Ciccolo, graphology consultant working within the civil and penal frameworks, provides graphological consultancy and\/or reports, in the following areas:<\/strong><\/p>\n<ul>\n<li>alteration or counterfeit of public or private typewritten or handwritten documents. This includes examinations of various kinds, namely physical (writing tools, supports, inks, typewriters, printers, photocopy machines, stamps), instrumental (microscopy, photoscopy, photography, optical photography, lighting techniques, dactyloscopy, typewriting, laboratory analyses) and graphological (chronology of strokes, detection of streaks, documental tricks, damage, storage);<\/li>\n<li>Psycho-graphological examination of handwriting gestures at the time of writing.<\/li>\n<\/ul>\n<p><strong>Since 2000 I have been dealing with graphological investigations<\/strong> connected with bank litigations, in civil and penal cases, both as an expert and as a court assessor, both for private parties and for the Public Prosecutor offices of Bologna, Modena, Forl\u00ec, Reggio Emilia, Prato, Ferrara, Fermo, Bolzano, Padua, Verona and Venice, for cases of fake public and private documents, circumvention of legally incompetent persons, subversive associations, fake wills, anonymous letters.<\/p>\n<p>[\/et_pb_text][\/et_pb_column][\/et_pb_row][et_pb_row _builder_version=&#8221;4.19.5&#8243; _module_preset=&#8221;default&#8221; global_colors_info=&#8221;{}&#8221;][et_pb_column type=&#8221;4_4&#8243; _builder_version=&#8221;4.19.5&#8243; _module_preset=&#8221;default&#8221; global_colors_info=&#8221;{}&#8221;][et_pb_text _builder_version=&#8221;4.20.0&#8243; _module_preset=&#8221;default&#8221; text_font=&#8221;Poppins|300|||||||&#8221; global_colors_info=&#8221;{}&#8221;]<\/p>\n<p><strong>In 2004-2005, hired by the magazine L\u2019ESPRESSO<\/strong>, iin collaboration with Prof. Roberto Travaglini (judicial graphologist), I performed graphological investigations on the alleged <strong>Mussolini\u2019s diaries<\/strong>.<\/p>\n<p><strong>Publications:<br \/><\/strong><\/p>\n<p>In <strong>2011<\/strong> the journal Italia Contemporanea, No. 265, published my \u201c<strong>Praphic and Graphological Expert\u2019s Report<\/strong>\u201d on the alleged Mussolini\u2019s Diaries \u2013 published by \u2013 <strong>Franco Angeli Editore<\/strong><\/p>\n<p>In <strong>2012<\/strong> I published \u201c<strong>Mussolini e il suo doppio. I diari svelati<\/strong>\u201c- <strong>Pioda Editore<\/strong><\/p>\n<p>In <strong>2014<\/strong> in collaboration with Mimmo Franzinelli, I published \u201c<strong>Bombardate Roma! Guareschi contro De Gasperi. Uno scandalo della prima Repubblica\u201d \u2013 Le Scie Mondadori Editore<\/strong><\/p>\n<p>[\/et_pb_text][\/et_pb_column][\/et_pb_row][et_pb_row column_structure=&#8221;1_2,1_2&#8243; _builder_version=&#8221;4.19.5&#8243; _module_preset=&#8221;default&#8221; custom_margin=&#8221;22px|auto||auto||&#8221; global_colors_info=&#8221;{}&#8221;][et_pb_column type=&#8221;1_2&#8243; _builder_version=&#8221;4.19.5&#8243; _module_preset=&#8221;default&#8221; global_colors_info=&#8221;{}&#8221;][et_pb_text _builder_version=&#8221;4.20.0&#8243; _module_preset=&#8221;default&#8221; header_2_font=&#8221;Cormorant Garamond||||||||&#8221; header_2_font_size=&#8221;50px&#8221; header_2_font_size_tablet=&#8221;45px&#8221; header_2_font_size_phone=&#8221;32px&#8221; header_2_font_size_last_edited=&#8221;on|phone&#8221; locked=&#8221;off&#8221; global_colors_info=&#8221;{}&#8221;]<\/p>\n<h2><strong>Educational and scientific activities<\/strong>:<\/h2>\n<p>[\/et_pb_text][et_pb_text _builder_version=&#8221;4.20.0&#8243; _module_preset=&#8221;default&#8221; text_font=&#8221;Poppins|300|||||||&#8221; hover_enabled=&#8221;0&#8243; global_colors_info=&#8221;{}&#8221; sticky_enabled=&#8221;0&#8243;]<\/p>\n<p>Since&nbsp;<strong>2005<\/strong> I have been a&nbsp;<strong>Teacher of Graphology<\/strong> in Specialisation Courses organized by <strong><u>AGAS&nbsp;<\/u><\/strong><u>\u2013 Advanced School of Graphology<\/u> located in Bologna (<a href=\"http:\/\/www.psicografologia.it\/\">www.psicografologia.it<\/a>) Piazza della Mercanzia n. 2.<\/p>\n<p><strong>Education<\/strong>:<\/p>\n<ul>\n<li><strong>Qualification<\/strong> as a <strong>Graphic Expert<\/strong>&nbsp;at A<strong>RIGRAF Rome<\/strong> (arigraf.it, Italian Graphological Research Association, Group corresponding to the Soci\u00e9t\u00e9 Fran\u00e7aise de Graphologie);<\/li>\n<li><strong>Master&#8217;s<\/strong> degree in handwriting expertise achieved in 2011 at the Advanced Institute of Graphology of Rome.<\/li>\n<li>ARIGRAF study and refresher seminar held in Milan (2014) about \u201cDigital technique and instrumental technique: The new frontiers of graphic experts\u2019 reports\u201d.<\/li>\n<li>A.G.P. (Association of Professional Graphologists) study and refresher seminar held in Turin (2015) about \u201cHandwriting alterations from the point of view of graphology and expertise\u201d.<\/li>\n<\/ul>\n<p>[\/et_pb_text][\/et_pb_column][et_pb_column type=&#8221;1_2&#8243; _builder_version=&#8221;4.19.5&#8243; _module_preset=&#8221;default&#8221; global_colors_info=&#8221;{}&#8221;][et_pb_image src=&#8221;https:\/\/www.nicoleciccolo.it\/wp-content\/uploads\/2023\/02\/AdobeStock_71832915-scaled.jpeg&#8221; title_text=&#8221;Old handwritten text pattern for background or as wallpaper&#8221; align=&#8221;center&#8221; force_fullwidth=&#8221;on&#8221; _builder_version=&#8221;4.19.5&#8243; _module_preset=&#8221;default&#8221; custom_margin=&#8221;52px|||||&#8221; global_colors_info=&#8221;{}&#8221;][\/et_pb_image][\/et_pb_column][\/et_pb_row][et_pb_row _builder_version=&#8221;4.19.5&#8243; _module_preset=&#8221;default&#8221; global_colors_info=&#8221;{}&#8221;][et_pb_column type=&#8221;4_4&#8243; _builder_version=&#8221;4.19.5&#8243; _module_preset=&#8221;default&#8221; global_colors_info=&#8221;{}&#8221;][et_pb_text _builder_version=&#8221;4.20.0&#8243; _module_preset=&#8221;default&#8221; header_2_font=&#8221;Cormorant Garamond|700|||||||&#8221; header_2_font_size=&#8221;50px&#8221; hover_enabled=&#8221;0&#8243; header_2_font_size_tablet=&#8221;45px&#8221; header_2_font_size_phone=&#8221;32px&#8221; header_2_font_size_last_edited=&#8221;on|phone&#8221; locked=&#8221;off&#8221; global_colors_info=&#8221;{}&#8221; sticky_enabled=&#8221;0&#8243;]<\/p>\n<h2>Membership in professional bodies and institutes:<\/h2>\n<p>[\/et_pb_text][et_pb_text _builder_version=&#8221;4.20.0&#8243; _module_preset=&#8221;default&#8221; text_font=&#8221;Poppins|300|||||||&#8221; hover_enabled=&#8221;0&#8243; global_colors_info=&#8221;{}&#8221; sticky_enabled=&#8221;0&#8243;]<\/p>\n<ul>\n<li>12<sup>th<\/sup> April 1999: enrolment in the <u>Register of Handwriting Experts at the <strong>Chamber of Commerce of Bologna<\/strong>under No. 775<\/u>;<\/li>\n<li>22<sup>nd<\/sup> November 1999: enrolment in the <strong><u>Register of Technical Assessors of the Law Court of Bologna<\/u><\/strong> (other experts category);<\/li>\n<li>2003: enrolment in <strong><u>G.P. \u2013 Association of Professional Graphologists<\/u><\/strong> (No. 14\/06), with head offices in Bologna (<u><a href=\"http:\/\/www.grafologiprofessionisti\">grafologiprofessionisti<\/a><\/u>, Association regulated by <strong>Law No. 4\/2013<\/strong>);<\/li>\n<li>Since 2011 I have been a member of the <strong>Executive Council of the Association of Professional Graphologists.<\/strong><\/li>\n<\/ul>\n<p><strong>List of selected conferences in which I have been a speaker:<\/strong><\/p>\n<ul>\n<li>2017 A.G.P. national conference, Bologna: \u201cPossibility and limits of judicial graphology\u201d. <strong>Report title:<\/strong> <em>Lights and shadows\u2026 of holograph wills<\/em>.<\/li>\n<li>2017 A.G.P. Umbria-Tuscany conference, Florence: \u201cSignature and scribble: expertise, graphological and pedagogical consequences\u201d. <strong>Report title:<\/strong> <em>From signing to initials\u2026 a mysterious process<\/em>.<\/li>\n<li>2016 Advanced Graphology Institute national conference, Rome: \u201cHandwriting identification in an expert\u2019s report\u201d. <strong>Report title:<\/strong> <em>The Biagio Carabell\u00f2 case: identification of a fake<\/em>.<\/li>\n<li>2015 A.G.P. national conference, Bologna: \u201cHandwriting spontaneity and artificiality\u201d. <strong>Report title:<\/strong> <em>Compositions of great fakes in the history of the first Italian Republic<\/em>.<\/li>\n<li>2015 Advanced Graphology Institute national conference, Rome: \u201cHandwriting falsification\u201d. <strong>Report title:<\/strong> <em>An international fake<\/em>.<\/li>\n<li>2015 A.G.P. Umbria-Tuscany conference, Assisi: \u201cBreathing in handwriting\u201d. <strong>Report title:<\/strong><em> A betrayed message: Osho\u2019s will<\/em>.<\/li>\n<li>2014 Advanced Graphology Institute national conference, Rome: \u201cProfessional refresher courses and making assessors and experts responsible\u201d. <strong>Report title:<\/strong><em> A historical, political and journalistic fake. Guareschi vs. De Gaspari, a scandal of the first Italian Republic<\/em>.<\/li>\n<li>2014 A.G.P. national conference, Bologna: \u201cThe identity of graphology professionals \u2013 Trends, developments and challenges\u201d. <strong>Report title:<\/strong><em> A fake spiritual inheritance<\/em>.<\/li>\n<li>2012 CIGME conference, Rome: \u201cGraphopathology within the judicial framework\u201d. <strong>Report title <\/strong>(in collaboration with Roberto Travaglini)<strong>:<\/strong><em> Graphogenesis of deviance in the modern society<\/em>.<\/li>\n<li>2010 Advanced Graphology Institute national conference, Rome: \u201cProfessional&nbsp;refresher courses and making assessors and experts responsible\u201d. <strong>Report title:<\/strong><em> Graphological potentials in a graphic expert\u2019s report<\/em>.<\/li>\n<li>2010 A.G.P. conference: \u201cGraphic imitations and dissimulations\u201d. <strong>Report title:<\/strong><em> Self-falsification<\/em>.<\/li>\n<li>2009 A.G.P. conference: \u201cAnonymous letters \u2013 Expertise, judicial, psychological, criminological and graphological consequences\u201d. <strong>Report title:<\/strong><em> Expertise theory and practice in anonymous handwriting<\/em>.<\/li>\n<li>2008 A.G.P. conference: \u201cGraphology or Graphologies? A comparison of methodologies and personalisation potentials\u201d. <strong>Report title:<\/strong><em> Pressure in French graphology<\/em>.<\/li>\n<li>2007 ARIGRAF refresher conference, Milan. <strong>Report title:<\/strong><em> Probabilities and certainties in experts\u2019 reports<\/em>.<\/li>\n<li>2005 A.P.R.E.S.P.A. national conference: \u201cTrauma: signs, symptoms and response strategies\u201d. <strong>Report title:<\/strong><em> Oedipus in handwriting<\/em>.<\/li>\n<\/ul>\n<p>[\/et_pb_text][\/et_pb_column][\/et_pb_row][\/et_pb_section]<\/p>\n","protected":false},"excerpt":{"rendered":"<p>Professional career:Nicole Ciccolo, graphology consultant working within the civil and penal frameworks, provides graphological consultancy and\/or reports, in the following areas: alteration or counterfeit of public or private typewritten or handwritten documents. This includes examinations of various kinds, namely physical (writing tools, supports, inks, typewriters, printers, photocopy machines, stamps), instrumental (microscopy, photoscopy, photography, optical photography, [&hellip;]<\/p>\n","protected":false},"author":1,"featured_media":0,"parent":0,"menu_order":0,"comment_status":"closed","ping_status":"closed","template":"","meta":{"_et_pb_use_builder":"on","_et_pb_old_content":"","_et_gb_content_width":"","footnotes":""},"class_list":["post-473","page","type-page","status-publish","hentry"],"yoast_head":"<!-- This site is optimized with the Yoast SEO plugin v20.3 - https:\/\/yoast.com\/wordpress\/plugins\/seo\/ -->\n<title>Curriculum - NICOLE CICCOLO<\/title>\n<meta name=\"robots\" content=\"index, follow, max-snippet:-1, max-image-preview:large, max-video-preview:-1\" \/>\n<link rel=\"canonical\" href=\"https:\/\/www.nicoleciccolo.it\/en\/curriculum\/\" \/>\n<meta property=\"og:locale\" content=\"en_US\" \/>\n<meta property=\"og:type\" content=\"article\" \/>\n<meta property=\"og:title\" content=\"Curriculum - NICOLE CICCOLO\" \/>\n<meta property=\"og:description\" content=\"Professional career:Nicole Ciccolo, graphology consultant working within the civil and penal frameworks, provides graphological consultancy and\/or reports, in the following areas: alteration or counterfeit of public or private typewritten or handwritten documents. This includes examinations of various kinds, namely physical (writing tools, supports, inks, typewriters, printers, photocopy machines, stamps), instrumental (microscopy, photoscopy, photography, optical photography, [&hellip;]\" \/>\n<meta property=\"og:url\" content=\"https:\/\/www.nicoleciccolo.it\/en\/curriculum\/\" \/>\n<meta property=\"og:site_name\" content=\"NICOLE CICCOLO\" \/>\n<meta property=\"article:modified_time\" content=\"2023-03-06T13:41:53+00:00\" \/>\n<meta name=\"twitter:card\" content=\"summary_large_image\" \/>\n<meta name=\"twitter:label1\" content=\"Est. reading time\" \/>\n\t<meta name=\"twitter:data1\" content=\"7 minutes\" \/>\n<script type=\"application\/ld+json\" class=\"yoast-schema-graph\">{\"@context\":\"https:\/\/schema.org\",\"@graph\":[{\"@type\":\"WebPage\",\"@id\":\"https:\/\/www.nicoleciccolo.it\/en\/curriculum\/\",\"url\":\"https:\/\/www.nicoleciccolo.it\/en\/curriculum\/\",\"name\":\"Curriculum - NICOLE CICCOLO\",\"isPartOf\":{\"@id\":\"https:\/\/www.nicoleciccolo.it\/en\/#website\"},\"datePublished\":\"2023-02-09T09:47:52+00:00\",\"dateModified\":\"2023-03-06T13:41:53+00:00\",\"breadcrumb\":{\"@id\":\"https:\/\/www.nicoleciccolo.it\/en\/curriculum\/#breadcrumb\"},\"inLanguage\":\"en-US\",\"potentialAction\":[{\"@type\":\"ReadAction\",\"target\":[\"https:\/\/www.nicoleciccolo.it\/en\/curriculum\/\"]}]},{\"@type\":\"BreadcrumbList\",\"@id\":\"https:\/\/www.nicoleciccolo.it\/en\/curriculum\/#breadcrumb\",\"itemListElement\":[{\"@type\":\"ListItem\",\"position\":1,\"name\":\"Home\",\"item\":\"https:\/\/www.nicoleciccolo.it\/en\/\"},{\"@type\":\"ListItem\",\"position\":2,\"name\":\"Curriculum\"}]},{\"@type\":\"WebSite\",\"@id\":\"https:\/\/www.nicoleciccolo.it\/en\/#website\",\"url\":\"https:\/\/www.nicoleciccolo.it\/en\/\",\"name\":\"NICOLE CICCOLO\",\"description\":\"\",\"potentialAction\":[{\"@type\":\"SearchAction\",\"target\":{\"@type\":\"EntryPoint\",\"urlTemplate\":\"https:\/\/www.nicoleciccolo.it\/en\/?s={search_term_string}\"},\"query-input\":\"required name=search_term_string\"}],\"inLanguage\":\"en-US\"}]}<\/script>\n<!-- \/ Yoast SEO plugin. -->","yoast_head_json":{"title":"Curriculum - NICOLE CICCOLO","robots":{"index":"index","follow":"follow","max-snippet":"max-snippet:-1","max-image-preview":"max-image-preview:large","max-video-preview":"max-video-preview:-1"},"canonical":"https:\/\/www.nicoleciccolo.it\/en\/curriculum\/","og_locale":"en_US","og_type":"article","og_title":"Curriculum - NICOLE CICCOLO","og_description":"Professional career:Nicole Ciccolo, graphology consultant working within the civil and penal frameworks, provides graphological consultancy and\/or reports, in the following areas: alteration or counterfeit of public or private typewritten or handwritten documents. This includes examinations of various kinds, namely physical (writing tools, supports, inks, typewriters, printers, photocopy machines, stamps), instrumental (microscopy, photoscopy, photography, optical photography, [&hellip;]","og_url":"https:\/\/www.nicoleciccolo.it\/en\/curriculum\/","og_site_name":"NICOLE CICCOLO","article_modified_time":"2023-03-06T13:41:53+00:00","twitter_card":"summary_large_image","twitter_misc":{"Est. reading time":"7 minutes"},"schema":{"@context":"https:\/\/schema.org","@graph":[{"@type":"WebPage","@id":"https:\/\/www.nicoleciccolo.it\/en\/curriculum\/","url":"https:\/\/www.nicoleciccolo.it\/en\/curriculum\/","name":"Curriculum - NICOLE CICCOLO","isPartOf":{"@id":"https:\/\/www.nicoleciccolo.it\/en\/#website"},"datePublished":"2023-02-09T09:47:52+00:00","dateModified":"2023-03-06T13:41:53+00:00","breadcrumb":{"@id":"https:\/\/www.nicoleciccolo.it\/en\/curriculum\/#breadcrumb"},"inLanguage":"en-US","potentialAction":[{"@type":"ReadAction","target":["https:\/\/www.nicoleciccolo.it\/en\/curriculum\/"]}]},{"@type":"BreadcrumbList","@id":"https:\/\/www.nicoleciccolo.it\/en\/curriculum\/#breadcrumb","itemListElement":[{"@type":"ListItem","position":1,"name":"Home","item":"https:\/\/www.nicoleciccolo.it\/en\/"},{"@type":"ListItem","position":2,"name":"Curriculum"}]},{"@type":"WebSite","@id":"https:\/\/www.nicoleciccolo.it\/en\/#website","url":"https:\/\/www.nicoleciccolo.it\/en\/","name":"NICOLE CICCOLO","description":"","potentialAction":[{"@type":"SearchAction","target":{"@type":"EntryPoint","urlTemplate":"https:\/\/www.nicoleciccolo.it\/en\/?s={search_term_string}"},"query-input":"required name=search_term_string"}],"inLanguage":"en-US"}]}},"_links":{"self":[{"href":"https:\/\/www.nicoleciccolo.it\/en\/wp-json\/wp\/v2\/pages\/473","targetHints":{"allow":["GET"]}}],"collection":[{"href":"https:\/\/www.nicoleciccolo.it\/en\/wp-json\/wp\/v2\/pages"}],"about":[{"href":"https:\/\/www.nicoleciccolo.it\/en\/wp-json\/wp\/v2\/types\/page"}],"author":[{"embeddable":true,"href":"https:\/\/www.nicoleciccolo.it\/en\/wp-json\/wp\/v2\/users\/1"}],"replies":[{"embeddable":true,"href":"https:\/\/www.nicoleciccolo.it\/en\/wp-json\/wp\/v2\/comments?post=473"}],"version-history":[{"count":3,"href":"https:\/\/www.nicoleciccolo.it\/en\/wp-json\/wp\/v2\/pages\/473\/revisions"}],"predecessor-version":[{"id":490,"href":"https:\/\/www.nicoleciccolo.it\/en\/wp-json\/wp\/v2\/pages\/473\/revisions\/490"}],"wp:attachment":[{"href":"https:\/\/www.nicoleciccolo.it\/en\/wp-json\/wp\/v2\/media?parent=473"}],"curies":[{"name":"wp","href":"https:\/\/api.w.org\/{rel}","templated":true}]}}